{"id":19455,"date":"2016-08-09T19:35:27","date_gmt":"2016-08-09T17:35:27","guid":{"rendered":"https:\/\/thefox.pl\/?page_id=19455&#038;lang=fr"},"modified":"2025-02-20T13:18:34","modified_gmt":"2025-02-20T12:18:34","slug":"nous-contacter","status":"publish","type":"page","link":"https:\/\/thefox.pl\/fr\/nous-contacter\/","title":{"rendered":"Nous contacter"},"content":{"rendered":"<p>[et_pb_section fb_built=\u00a0\u00bb1&Prime; fullwidth=\u00a0\u00bbon\u00a0\u00bb _builder_version=\u00a0\u00bb4.16&Prime; custom_padding=\u00a0\u00bb0px|0px|0|0px|false|false\u00a0\u00bb global_colors_info=\u00a0\u00bb{}\u00a0\u00bb][et_pb_fullwidth_map address=\u00a0\u00bbKoszykowa 49A, 00-659 Warszawa, Pologne\u00a0\u00bb zoom_level=\u00a0\u00bb12&Prime; address_lat=\u00a0\u00bb52.2223082&Prime; address_lng=\u00a0\u00bb21.014405799999963&Prime; _builder_version=\u00a0\u00bb4.16&Prime; custom_margin_tablet=\u00a0\u00bb\u00a0\u00bb custom_margin_phone=\u00a0\u00bb0px||120px|\u00a0\u00bb custom_margin_last_edited=\u00a0\u00bbon|phone\u00a0\u00bb child_filter_saturate=\u00a0\u00bb0%\u00a0\u00bb child_filter_brightness=\u00a0\u00bb97%\u00a0\u00bb child_filter_contrast=\u00a0\u00bb95%\u00a0\u00bb child_mix_blend_mode=\u00a0\u00bbdarken\u00a0\u00bb global_colors_info=\u00a0\u00bb{}\u00a0\u00bb][et_pb_map_pin title=\u00a0\u00bbVoici nos bureaux\u00a0\u00bb pin_address=\u00a0\u00bbKoszykowa 49A, 00-659 Warszawa, Pologne\u00a0\u00bb pin_address_lat=\u00a0\u00bb52.2223082&Prime; pin_address_lng=\u00a0\u00bb21.014405799999963&Prime; _builder_version=\u00a0\u00bb3.2.1&Prime; global_colors_info=\u00a0\u00bb{}\u00a0\u00bb][\/et_pb_map_pin][\/et_pb_fullwidth_map][\/et_pb_section][et_pb_section fb_built=\u00a0\u00bb1&Prime; _builder_version=\u00a0\u00bb4.16&Prime; custom_margin=\u00a0\u00bb-120px|||\u00a0\u00bb custom_padding=\u00a0\u00bb54px|0px|100px|0px\u00a0\u00bb global_colors_info=\u00a0\u00bb{}\u00a0\u00bb][et_pb_row _builder_version=\u00a0\u00bb4.27.0&Prime; _module_preset=\u00a0\u00bbdefault\u00a0\u00bb column_structure=\u00a0\u00bb1_2,1_2&Prime;][et_pb_column _builder_version=\u00a0\u00bb4.27.0&Prime; _module_preset=\u00a0\u00bbdefault\u00a0\u00bb type=\u00a0\u00bb1_2&Prime;][et_pb_code _builder_version=\u00a0\u00bb4.27.0&Prime; _module_preset=\u00a0\u00bbdefault\u00a0\u00bb hover_enabled=\u00a0\u00bb0&Prime; sticky_enabled=\u00a0\u00bb0&Prime;]\n<div class=\"wpcf7 no-js\" id=\"wpcf7-f18668-o1\" lang=\"en-GB\" dir=\"ltr\">\n<div class=\"screen-reader-response\"><p role=\"status\" aria-live=\"polite\" aria-atomic=\"true\"><\/p> <ul><\/ul><\/div>\n<form action=\"\/fr\/wp-json\/wp\/v2\/pages\/19455#wpcf7-f18668-o1\" method=\"post\" class=\"wpcf7-form init\" aria-label=\"Contact form\" novalidate=\"novalidate\" data-status=\"init\">\n<div style=\"display: none;\">\n<input type=\"hidden\" name=\"_wpcf7\" value=\"18668\" \/>\n<input type=\"hidden\" name=\"_wpcf7_version\" value=\"5.8.7\" \/>\n<input type=\"hidden\" name=\"_wpcf7_locale\" value=\"en_GB\" \/>\n<input type=\"hidden\" name=\"_wpcf7_unit_tag\" value=\"wpcf7-f18668-o1\" \/>\n<input type=\"hidden\" name=\"_wpcf7_container_post\" value=\"0\" \/>\n<input type=\"hidden\" name=\"_wpcf7_posted_data_hash\" value=\"\" \/>\n<\/div>\n<p>Your Name (required)\n<\/p>\n<p><span class=\"wpcf7-form-control-wrap\" data-name=\"your-name\"><input size=\"40\" class=\"wpcf7-form-control wpcf7-text wpcf7-validates-as-required\" aria-required=\"true\" aria-invalid=\"false\" value=\"\" type=\"text\" name=\"your-name\" \/><\/span>\n<\/p>\n<p>Your Email (required)\n<\/p>\n<p><span class=\"wpcf7-form-control-wrap\" data-name=\"your-email\"><input size=\"40\" class=\"wpcf7-form-control wpcf7-email wpcf7-validates-as-required wpcf7-text wpcf7-validates-as-email\" aria-required=\"true\" aria-invalid=\"false\" value=\"\" type=\"email\" name=\"your-email\" \/><\/span>\n<\/p>\n<p>Subject\n<\/p>\n<p><span class=\"wpcf7-form-control-wrap\" data-name=\"your-subject\"><input size=\"40\" class=\"wpcf7-form-control wpcf7-text\" aria-invalid=\"false\" value=\"\" type=\"text\" name=\"your-subject\" \/><\/span>\n<\/p>\n<p>Your Message\n<\/p>\n<p><span class=\"wpcf7-form-control-wrap\" data-name=\"your-message\"><textarea cols=\"40\" rows=\"10\" class=\"wpcf7-form-control wpcf7-textarea\" aria-invalid=\"false\" name=\"your-message\"><\/textarea><\/span>\n<\/p>\n<p><div id=\"cf7sr-69df716d42d61\" class=\"cf7sr-g-recaptcha\" data-theme=\"light\" data-type=\"image\" data-size=\"normal\" data-sitekey=\"6LfCzJMUAAAAAD7VoJ-hL1FugV80cfDL8J7me5Ul\"><\/div><span class=\"wpcf7-form-control-wrap cf7sr-recaptcha\" data-name=\"cf7sr-recaptcha\"><input type=\"hidden\" name=\"cf7sr-recaptcha\" value=\"\" class=\"wpcf7-form-control\"><\/span>\n<\/p>\n<p><input class=\"wpcf7-form-control wpcf7-submit has-spinner\" type=\"submit\" value=\"Send\" \/>\n<\/p><div class=\"wpcf7-response-output\" aria-hidden=\"true\"><\/div>\n<\/form>\n<\/div>\n[\/et_pb_code][\/et_pb_column][et_pb_column _builder_version=\u00a0\u00bb4.27.0&Prime; _module_preset=\u00a0\u00bbdefault\u00a0\u00bb type=\u00a0\u00bb1_2&Prime;][et_pb_image src=\u00a0\u00bbhttps:\/\/thefox.pl\/wp-content\/uploads\/2020\/04\/iStock-472609166-3.jpg\u00a0\u00bb _builder_version=\u00a0\u00bb4.27.0&Prime; _module_preset=\u00a0\u00bbdefault\u00a0\u00bb title_text=\u00a0\u00bbWarsaw real estate investment\u00a0\u00bb hover_enabled=\u00a0\u00bb0&Prime; sticky_enabled=\u00a0\u00bb0&Prime;][\/et_pb_image][\/et_pb_column][\/et_pb_row][\/et_pb_section]<\/p>\n","protected":false},"excerpt":{"rendered":"\n<div class=\"wpcf7 no-js\" id=\"wpcf7-f18668-o2\" lang=\"en-GB\" dir=\"ltr\">\n<div class=\"screen-reader-response\"><p role=\"status\" aria-live=\"polite\" aria-atomic=\"true\"><\/p> <ul><\/ul><\/div>\n<form action=\"\/fr\/wp-json\/wp\/v2\/pages\/19455#wpcf7-f18668-o2\" method=\"post\" class=\"wpcf7-form init\" aria-label=\"Contact form\" novalidate=\"novalidate\" data-status=\"init\">\n<div style=\"display: none;\">\n<input type=\"hidden\" name=\"_wpcf7\" value=\"18668\" \/>\n<input type=\"hidden\" name=\"_wpcf7_version\" value=\"5.8.7\" \/>\n<input type=\"hidden\" name=\"_wpcf7_locale\" value=\"en_GB\" \/>\n<input type=\"hidden\" name=\"_wpcf7_unit_tag\" value=\"wpcf7-f18668-o2\" \/>\n<input type=\"hidden\" name=\"_wpcf7_container_post\" value=\"0\" \/>\n<input type=\"hidden\" name=\"_wpcf7_posted_data_hash\" value=\"\" \/>\n<\/div>\n<p>Your Name (required)\n<\/p>\n<p><span class=\"wpcf7-form-control-wrap\" data-name=\"your-name\"><input size=\"40\" class=\"wpcf7-form-control wpcf7-text wpcf7-validates-as-required\" aria-required=\"true\" aria-invalid=\"false\" value=\"\" type=\"text\" name=\"your-name\" \/><\/span>\n<\/p>\n<p>Your Email (required)\n<\/p>\n<p><span class=\"wpcf7-form-control-wrap\" data-name=\"your-email\"><input size=\"40\" class=\"wpcf7-form-control wpcf7-email wpcf7-validates-as-required wpcf7-text wpcf7-validates-as-email\" aria-required=\"true\" aria-invalid=\"false\" value=\"\" type=\"email\" name=\"your-email\" \/><\/span>\n<\/p>\n<p>Subject\n<\/p>\n<p><span class=\"wpcf7-form-control-wrap\" data-name=\"your-subject\"><input size=\"40\" class=\"wpcf7-form-control wpcf7-text\" aria-invalid=\"false\" value=\"\" type=\"text\" name=\"your-subject\" \/><\/span>\n<\/p>\n<p>Your Message\n<\/p>\n<p><span class=\"wpcf7-form-control-wrap\" data-name=\"your-message\"><textarea cols=\"40\" rows=\"10\" class=\"wpcf7-form-control wpcf7-textarea\" aria-invalid=\"false\" name=\"your-message\"><\/textarea><\/span>\n<\/p>\n<p><div id=\"cf7sr-69df716d6bcd9\" class=\"cf7sr-g-recaptcha\" data-theme=\"light\" data-type=\"image\" data-size=\"normal\" data-sitekey=\"6LfCzJMUAAAAAD7VoJ-hL1FugV80cfDL8J7me5Ul\"><\/div><span class=\"wpcf7-form-control-wrap cf7sr-recaptcha\" data-name=\"cf7sr-recaptcha\"><input type=\"hidden\" name=\"cf7sr-recaptcha\" value=\"\" class=\"wpcf7-form-control\"><\/span>\n<\/p>\n<p><input class=\"wpcf7-form-control wpcf7-submit has-spinner\" type=\"submit\" value=\"Send\" \/>\n<\/p><div class=\"wpcf7-response-output\" aria-hidden=\"true\"><\/div>\n<\/form>\n<\/div>\n\n","protected":false},"author":1,"featured_media":0,"parent":0,"menu_order":0,"comment_status":"closed","ping_status":"closed","template":"","meta":{"_et_pb_use_builder":"on","_et_pb_old_content":"[vc_row][vc_column][ultimate_heading main_heading=\"Nous contacter\" margin_design_tab_text=\"\" main_heading_margin=\"margin-top:20px;margin-bottom:20px;\"][\/ultimate_heading][\/vc_column][\/vc_row][vc_row][vc_column width=\"1\/2\"][vc_column_text]\r\n<h3>Contact<\/h3>\r\nQuestion, commentaires ? Notre formulaire de contact est le meilleur moyen d'entrer en contact avec l'un de nos conseillers immobilier \u00e0 Fox Property Investment Group\r\n<h3>rentflatPOLAND<\/h3>\r\nkontakt@thefox.pl\r\nTel:\r\n+48 664 937 338\r\n+48 600 608 735\r\n<h3>Bureau<\/h3>\r\nul. Koszykowa 49a local 17,\r\n00-659 Varsovie, Poland\r\nTel:\r\n+48 664 937 338\r\n+48 600 608 735\r\n<h3>Si\u00e8ge social<\/h3>\r\n<p style=\"text-align: left;\">ul. Stawowa 21\r\n91-358 \u0141\u00f3d\u017a, Poland<\/p>\r\nTel:\r\n+48 664 937 338\r\n+48 600 608 735[\/vc_column_text][\/vc_column][vc_column width=\"1\/2\"][vc_column_text][contact-form-7 id=\"18668\" title=\"Contact form 1_fr\"][\/vc_column_text][\/vc_column][\/vc_row][vc_row][vc_column][\/vc_column][\/vc_row]","_et_gb_content_width":"","footnotes":""},"yoast_head":"<!-- This site is optimized with the Yoast SEO plugin v22.1 - https:\/\/yoast.com\/wordpress\/plugins\/seo\/ -->\n<title>Nous contacter - Fox Property Investment Group<\/title>\n<meta name=\"robots\" content=\"index, follow, max-snippet:-1, max-image-preview:large, max-video-preview:-1\" \/>\n<link rel=\"canonical\" href=\"https:\/\/thefox.pl\/fr\/contact-us\/\" \/>\n<meta property=\"og:locale\" content=\"fr_FR\" \/>\n<meta property=\"og:type\" content=\"article\" \/>\n<meta property=\"og:title\" content=\"Nous contacter - Fox Property Investment Group\" \/>\n<meta property=\"og:url\" content=\"https:\/\/thefox.pl\/contact-us\/\" \/>\n<meta property=\"og:site_name\" content=\"Fox Property Investment Group\" \/>\n<meta property=\"article:modified_time\" content=\"2025-02-20T12:18:34+00:00\" \/>\n<meta name=\"twitter:card\" content=\"summary_large_image\" \/>\n<meta name=\"twitter:description\" content=\"[contact-form-7 id=&quot;d3bc505&quot; title=&quot;Contact form 1&quot;]\" \/>\n<meta name=\"twitter:label1\" content=\"Dur\u00e9e de lecture estim\u00e9e\" \/>\n\t<meta name=\"twitter:data1\" content=\"1 minute\" \/>\n<script type=\"application\/ld+json\" class=\"yoast-schema-graph\">{\"@context\":\"https:\/\/schema.org\",\"@graph\":[{\"@type\":\"WebPage\",\"@id\":\"https:\/\/thefox.pl\/contact-us\/\",\"url\":\"https:\/\/thefox.pl\/contact-us\/\",\"name\":\"Nous contacter - Fox Property Investment Group\",\"isPartOf\":{\"@id\":\"http:\/\/thefox.pl\/#website\"},\"datePublished\":\"2016-08-09T17:35:27+00:00\",\"dateModified\":\"2025-02-20T12:18:34+00:00\",\"breadcrumb\":{\"@id\":\"https:\/\/thefox.pl\/contact-us\/#breadcrumb\"},\"inLanguage\":\"fr-FR\",\"potentialAction\":[{\"@type\":\"ReadAction\",\"target\":[\"https:\/\/thefox.pl\/contact-us\/\"]}]},{\"@type\":\"BreadcrumbList\",\"@id\":\"https:\/\/thefox.pl\/contact-us\/#breadcrumb\",\"itemListElement\":[{\"@type\":\"ListItem\",\"position\":1,\"name\":\"Home\",\"item\":\"https:\/\/thefox.pl\/fr\/\"},{\"@type\":\"ListItem\",\"position\":2,\"name\":\"Nous contacter\"}]},{\"@type\":\"WebSite\",\"@id\":\"http:\/\/thefox.pl\/#website\",\"url\":\"http:\/\/thefox.pl\/\",\"name\":\"Fox Property Investment Group\",\"description\":\"Invest in real estate Poland\",\"publisher\":{\"@id\":\"http:\/\/thefox.pl\/#organization\"},\"potentialAction\":[{\"@type\":\"SearchAction\",\"target\":{\"@type\":\"EntryPoint\",\"urlTemplate\":\"http:\/\/thefox.pl\/?s={search_term_string}\"},\"query-input\":\"required name=search_term_string\"}],\"inLanguage\":\"fr-FR\"},{\"@type\":\"Organization\",\"@id\":\"http:\/\/thefox.pl\/#organization\",\"name\":\"Fox Property Investment Group\",\"url\":\"http:\/\/thefox.pl\/\",\"logo\":{\"@type\":\"ImageObject\",\"inLanguage\":\"fr-FR\",\"@id\":\"http:\/\/thefox.pl\/#\/schema\/logo\/image\/\",\"url\":\"\",\"contentUrl\":\"\",\"caption\":\"Fox Property Investment Group\"},\"image\":{\"@id\":\"http:\/\/thefox.pl\/#\/schema\/logo\/image\/\"}}]}<\/script>\n<!-- \/ Yoast SEO plugin. -->","yoast_head_json":{"title":"Nous contacter - Fox Property Investment Group","robots":{"index":"index","follow":"follow","max-snippet":"max-snippet:-1","max-image-preview":"max-image-preview:large","max-video-preview":"max-video-preview:-1"},"canonical":"https:\/\/thefox.pl\/fr\/contact-us\/","og_locale":"fr_FR","og_type":"article","og_title":"Nous contacter - Fox Property Investment Group","og_url":"https:\/\/thefox.pl\/contact-us\/","og_site_name":"Fox Property Investment Group","article_modified_time":"2025-02-20T12:18:34+00:00","twitter_card":"summary_large_image","twitter_description":"[contact-form-7 id=\"d3bc505\" title=\"Contact form 1\"]","twitter_misc":{"Dur\u00e9e de lecture estim\u00e9e":"1 minute"},"schema":{"@context":"https:\/\/schema.org","@graph":[{"@type":"WebPage","@id":"https:\/\/thefox.pl\/contact-us\/","url":"https:\/\/thefox.pl\/contact-us\/","name":"Nous contacter - Fox Property Investment Group","isPartOf":{"@id":"http:\/\/thefox.pl\/#website"},"datePublished":"2016-08-09T17:35:27+00:00","dateModified":"2025-02-20T12:18:34+00:00","breadcrumb":{"@id":"https:\/\/thefox.pl\/contact-us\/#breadcrumb"},"inLanguage":"fr-FR","potentialAction":[{"@type":"ReadAction","target":["https:\/\/thefox.pl\/contact-us\/"]}]},{"@type":"BreadcrumbList","@id":"https:\/\/thefox.pl\/contact-us\/#breadcrumb","itemListElement":[{"@type":"ListItem","position":1,"name":"Home","item":"https:\/\/thefox.pl\/fr\/"},{"@type":"ListItem","position":2,"name":"Nous contacter"}]},{"@type":"WebSite","@id":"http:\/\/thefox.pl\/#website","url":"http:\/\/thefox.pl\/","name":"Fox Property Investment Group","description":"Invest in real estate Poland","publisher":{"@id":"http:\/\/thefox.pl\/#organization"},"potentialAction":[{"@type":"SearchAction","target":{"@type":"EntryPoint","urlTemplate":"http:\/\/thefox.pl\/?s={search_term_string}"},"query-input":"required name=search_term_string"}],"inLanguage":"fr-FR"},{"@type":"Organization","@id":"http:\/\/thefox.pl\/#organization","name":"Fox Property Investment Group","url":"http:\/\/thefox.pl\/","logo":{"@type":"ImageObject","inLanguage":"fr-FR","@id":"http:\/\/thefox.pl\/#\/schema\/logo\/image\/","url":"","contentUrl":"","caption":"Fox Property Investment Group"},"image":{"@id":"http:\/\/thefox.pl\/#\/schema\/logo\/image\/"}}]}},"_links":{"self":[{"href":"https:\/\/thefox.pl\/fr\/wp-json\/wp\/v2\/pages\/19455"}],"collection":[{"href":"https:\/\/thefox.pl\/fr\/wp-json\/wp\/v2\/pages"}],"about":[{"href":"https:\/\/thefox.pl\/fr\/wp-json\/wp\/v2\/types\/page"}],"author":[{"embeddable":true,"href":"https:\/\/thefox.pl\/fr\/wp-json\/wp\/v2\/users\/1"}],"replies":[{"embeddable":true,"href":"https:\/\/thefox.pl\/fr\/wp-json\/wp\/v2\/comments?post=19455"}],"version-history":[{"count":6,"href":"https:\/\/thefox.pl\/fr\/wp-json\/wp\/v2\/pages\/19455\/revisions"}],"predecessor-version":[{"id":24362,"href":"https:\/\/thefox.pl\/fr\/wp-json\/wp\/v2\/pages\/19455\/revisions\/24362"}],"wp:attachment":[{"href":"https:\/\/thefox.pl\/fr\/wp-json\/wp\/v2\/media?parent=19455"}],"curies":[{"name":"wp","href":"https:\/\/api.w.org\/{rel}","templated":true}]}}