{"id":22462,"date":"2016-08-17T00:38:42","date_gmt":"2016-08-16T22:38:42","guid":{"rendered":"https:\/\/thefox.pl\/10-key-reasons-invest-poland\/"},"modified":"2019-11-14T13:48:24","modified_gmt":"2019-11-14T12:48:24","slug":"10-raisons-dinvestir-dans-limmobilier-en-pologne","status":"publish","type":"page","link":"https:\/\/thefox.pl\/fr\/10-raisons-dinvestir-dans-limmobilier-en-pologne\/","title":{"rendered":"10 raisons d&rsquo;investir dans l&rsquo;immobilier en Pologne"},"content":{"rendered":"<p>[vc_row bg_type=\u00a0\u00bbimage\u00a0\u00bb parallax_style=\u00a0\u00bbvcpb-default\u00a0\u00bb bg_image_new=\u00a0\u00bbid^19500|url^https:\/\/thefox.pl\/wp-content\/uploads\/2016\/08\/reason-to-invest-in-poland.jpg|caption^Invest Poland|alt^Invest Poland|title^Invest Poland|description^null\u00a0\u00bb bg_img_attach=\u00a0\u00bbfixed\u00a0\u00bb bg_override=\u00a0\u00bbex-full\u00a0\u00bb css=\u00a0\u00bb.vc_custom_1471433894189{margin-bottom: 0px !important;padding-top: 60px !important;padding-bottom: 60px !important;background-color: #e5e5e5 !important;}\u00a0\u00bb animation_type=\u00a0\u00bbh\u00a0\u00bb horizontal_animation=\u00a0\u00bbleft-animation\u00a0\u00bb vertical_animation=\u00a0\u00bbtop-animation\u00a0\u00bb][vc_column][ultimate_spacer height=\u00a0\u00bb50&Prime;][ult_animation_block animation=\u00a0\u00bbflipInX\u00a0\u00bb animation_duration=\u00a0\u00bb0.5&Prime; animation_delay=\u00a0\u00bb0.5&Prime; animation_iteration_count=\u00a0\u00bb1&Prime;][ultimate_heading main_heading_color=\u00a0\u00bb#888987&Prime; sub_heading_color=\u00a0\u00bb#ffffff\u00a0\u00bb main_heading_font_family=\u00a0\u00bbfont_family:Lato|font_call:Lato\u00a0\u00bb main_heading_style=\u00a0\u00bbfont-weight:700;\u00a0\u00bb main_heading_font_size=\u00a0\u00bbdesktop:45px;\u00a0\u00bb sub_heading_font_family=\u00a0\u00bbfont_family:Latofont_call:Lato|variant:regular\u00a0\u00bb sub_heading_font_size=\u00a0\u00bbdesktop:60px;\u00a0\u00bb sub_heading_margin=\u00a0\u00bbmargin-top:20px;margin-bottom:px;\u00a0\u00bb]<\/p>\n<h1><span style=\"color: #ffffff;\"><strong>Pourquoi investir dans l&rsquo;immobilier en Pologne?<br \/>\n<\/strong><\/span><\/h1>\n<h1><strong>\u00a0<\/strong><\/h1>\n<p>[\/ultimate_heading][\/ult_animation_block][ultimate_spacer height=\u00a0\u00bb50&Prime;][\/vc_column][\/vc_row][vc_row bg_type=\u00a0\u00bbbg_color\u00a0\u00bb bg_override=\u00a0\u00bbfull\u00a0\u00bb css=\u00a0\u00bb.vc_custom_1515507234203{margin-bottom: 0px !important;}\u00a0\u00bb animation_type=\u00a0\u00bbh\u00a0\u00bb horizontal_animation=\u00a0\u00bbleft-animation\u00a0\u00bb vertical_animation=\u00a0\u00bbtop-animation\u00a0\u00bb bg_color_value=\u00a0\u00bb#eeeeee\u00a0\u00bb el_id=\u00a0\u00bbinvest\u00a0\u00bb][vc_column][ultimate_spacer height=\u00a0\u00bb30&Prime;][ult_animation_block animation=\u00a0\u00bbfadeInDown\u00a0\u00bb animation_duration=\u00a0\u00bb0.7&Prime; animation_delay=\u00a0\u00bb0.5&Prime; animation_iteration_count=\u00a0\u00bb1&Prime;][ultimate_heading main_heading_color=\u00a0\u00bb#ffffff\u00a0\u00bb sub_heading_color=\u00a0\u00bb#888987&Prime; main_heading_margin=\u00a0\u00bbmargin-bottom:0px;\u00a0\u00bb main_heading_font_family=\u00a0\u00bbfont_family:Lato|font_call:Lato|variant:700&Prime; main_heading_style=\u00a0\u00bbfont-weight:700;\u00a0\u00bb main_heading_font_size=\u00a0\u00bbdesktop:56px;\u00a0\u00bb sub_heading_font_family=\u00a0\u00bbfont_family:Lato|font_call:Lato\u00a0\u00bb sub_heading_style=\u00a0\u00bbfont-weight:300;\u00a0\u00bb sub_heading_font_size=\u00a0\u00bbdesktop:24px;\u00a0\u00bb sub_heading_margin=\u00a0\u00bbmargin-bottom:40px;\u00a0\u00bb el_class=\u00a0\u00bb#investir\u00a0\u00bb]<\/p>\n<p style=\"text-align: center;\">10 raisons d\u2019investir <strong>d\u00e8s maintenant<\/strong> dans l\u2019immobilier en Pologne<\/p>\n<p>[\/ultimate_heading][\/ult_animation_block][vc_row_inner][vc_column_inner width=\u00a0\u00bb1\/2&Prime;][info_list position=\u00a0\u00bbright\u00a0\u00bb icon_color=\u00a0\u00bb#e97415&Prime; font_size_icon=\u00a0\u00bb24&Prime; icon_border_style=\u00a0\u00bbdotted\u00a0\u00bb icon_border_size=\u00a0\u00bb2&Prime; border_color=\u00a0\u00bb#e97415&Prime; connector_color=\u00a0\u00bb#eeeeee\u00a0\u00bb connector_animation=\u00a0\u00bbfadeInUp\u00a0\u00bb][info_list_item list_title=\u00a0\u00bbUn retour sur investissement de 8 \u00e0 15 ans\u00a0\u00bb list_icon=\u00a0\u00bbDefaults-signal\u00a0\u00bb]Gr\u00e2ce \u00e0 notre expertise, nous vous proposons des projets immobiliers avec un retour sur investissement compris entre 8 et 15 ans\u00a0<em>(contrat de location standard\u00a0: de 6 mois \u00e0 1 an renouvelable)<\/em>[\/info_list_item][info_list_item list_title=\u00a0\u00bbFort d\u00e9veloppement des infrastructures\u00a0\u00bb list_icon=\u00a0\u00bbDefaults-train\u00a0\u00bb]R\u00e9cemment \u0141\u00f3d\u017a a d\u00e9bloqu\u00e9 par moins d\u20191,250 milliards d\u2019euros (5 milliards PLN) pour l&rsquo;EXPO 2022, avec pour objectif de r\u00e9inventer la ville et d\u00e9velopper son centre.[\/info_list_item][info_list_item list_title=\u00a0\u00bbFrais de notaire pour l&rsquo;achat d\u2019un bien neuf : 1 %\u00a0\u00bb list_icon=\u00a0\u00bbDefaults-gavel legal\u00a0\u00bb]Les frais de notaires en Pologne pour l\u2019achat d\u2019un bien neuf sont de l\u2019ordre de 1% de la valeur immobili\u00e8re.[\/info_list_item][info_list_item list_title=\u00a0\u00bbFrais de notaire pour l&rsquo;achat d\u2019un bien ancien : 3 %\u00a0\u00bb list_icon=\u00a0\u00bbDefaults-gavel legal\u00a0\u00bb]Les frais de notaires en Pologne pour l\u2019achat d\u2019un bien ancien sont de l\u2019ordre de 3% de la valeur immobili\u00e8re\u00a0<em>(taxes sur les transactions immobili\u00e8res de 2% et acte notari\u00e9\u00a0de 1%).<\/em>[\/info_list_item][info_list_item list_title=\u00a0\u00bbContrat de location flexible\u00a0\u00bb list_icon=\u00a0\u00bbDefaults-gavel legal\u00a0\u00bb]Le locataire est tenu de respecter un certain nombre de r\u00e8gles et conditions \u00e9tablies dans le contrat de bail. Si ces r\u00e8gles ne sont pas respect\u00e9es ou si le locataire utilise le logement de mani\u00e8re inappropri\u00e9e, alors le bailleur peut r\u00e9silier le contrat. Le bien est ainsi prot\u00e9g\u00e9.[\/info_list_item][\/info_list][\/vc_column_inner][vc_column_inner width=\u00a0\u00bb1\/2&Prime;][info_list icon_color=\u00a0\u00bb#e97415&Prime; font_size_icon=\u00a0\u00bb24&Prime; icon_border_style=\u00a0\u00bbdotted\u00a0\u00bb icon_border_size=\u00a0\u00bb2&Prime; border_color=\u00a0\u00bb#e97415&Prime; connector_color=\u00a0\u00bb#eeeeee\u00a0\u00bb][info_list_item list_title=\u00a0\u00bbImp\u00f4ts sur le revenu locatif : 8,5 %\u00a0\u00bb list_icon=\u00a0\u00bbDefaults-sliders\u00a0\u00bb]L\u2019imp\u00f4t sur le revenu locatif en Pologne est de\u00a08,5 % pour les logements et les commerces.[\/info_list_item][info_list_item list_title=\u00a0\u00bbTaxe fonci\u00e8re : seulement 0,20 \u20ac\/m\u00b2 \u00e0 l&rsquo;ann\u00e9e\u00a0\u00bb list_icon=\u00a0\u00bbDefaults-file-text-o\u00a0\u00bb]La taxe fonci\u00e8re en Pologne est particuli\u00e8rement faible : seulement 0,20 \u20ac\/m<sup>2<\/sup> par ann\u00e9e (0,75pln\/m<sup>2<\/sup>) pour les logements et 5,50 \u20ac\/m<sup>2<\/sup> par ann\u00e9e (22,86pln \/m<sup>2<\/sup>) pour les commerces.[\/info_list_item][info_list_item list_title=\u00a0\u00bbFinancement\u00a0\u00bb list_icon=\u00a0\u00bbDefaults-bank institution university\u00a0\u00bb]Le financement est possible par les banques situ\u00e9es en Pologne avec 2 conditions: l&#8217;emprunteur doit avoir des revenues en Pologne, ou il doit avoir la nationalit\u00e9 polonaise.[\/info_list_item][info_list_item list_title=\u00a0\u00bbUn prix au m\u00b2 attractif\u00a0\u00bb list_icon=\u00a0\u00bbDefaults-bar-chart bar-chart-o\u00a0\u00bb]\u00c0 \u0141\u00f3d\u017a, il est possible d\u2019acqu\u00e9rir un bien ancien \u00e0 partir de 850\u20ac\/m\u00b2 et un bien neuf \u00e0 partir de 1\u00a0250\u20ac\/m\u00b2. \u00c0 Varsovie, les prix d\u2019un bien ancien ou neuf commencent respectivement \u00e0 1\u00a0500\u20ac\/m\u00b2 et 2\u00a0000\u20ac\/m\u00b2.[\/info_list_item][info_list_item list_title=\u00a0\u00bbD\u00e9coration et am\u00e9nagement \u00e0 faible co\u00fbt \u00a0\u00bb list_icon=\u00a0\u00bbDefaults-codepen\u00a0\u00bb]Afin de disposer d\u2019un bien correspondant aux attentes des locataires, nos partenaires vous proposent 4 offres de d\u00e9coration et d\u2019am\u00e9nagement pour un r\u00e9sultat coup de c\u0153ur <em>(offres \u00e0 partir de 150\u20ac\/m\u00b2).<\/em>[\/info_list_item][\/info_list][\/vc_column_inner][\/vc_row_inner][ultimate_spacer height=\u00a0\u00bb60&Prime;][\/vc_column][\/vc_row][vc_row bg_type=\u00a0\u00bbimage\u00a0\u00bb parallax_style=\u00a0\u00bbvcpb-default\u00a0\u00bb bg_image_new=\u00a0\u00bbid^22412|url^https:\/\/thefox.pl\/wp-content\/uploads\/2017\/08\/pragua-2-4-1.png|caption^null|alt^null|title^pragua-2-4|description^null\u00a0\u00bb bg_image_repeat=\u00a0\u00bbno-repeat\u00a0\u00bb bg_override=\u00a0\u00bbfull\u00a0\u00bb css=\u00a0\u00bb.vc_custom_1515523601337{margin-bottom: 0px !important;padding-top: 120px !important;}\u00a0\u00bb animation_type=\u00a0\u00bbh\u00a0\u00bb horizontal_animation=\u00a0\u00bbleft-animation\u00a0\u00bb vertical_animation=\u00a0\u00bbtop-animation\u00a0\u00bb el_class=\u00a0\u00bbimg-text1&Prime;][vc_column][spacer height=\u00a0\u00bb60&Prime;][ultimate_heading main_heading=\u00a0\u00bbInvestir dans l&rsquo;immobilier locatif en Pologne\u00a0\u00bb main_heading_color=\u00a0\u00bb#ffffff\u00a0\u00bb heading_tag=\u00a0\u00bbh1&Prime; sub_heading_color=\u00a0\u00bb#ffffff\u00a0\u00bb main_heading_margin=\u00a0\u00bbmargin-bottom:20px;\u00a0\u00bb main_heading_font_family=\u00a0\u00bbfont_family:Lato|font_call:Lato|variant:700&Prime; main_heading_style=\u00a0\u00bbfont-weight:700;\u00a0\u00bb main_heading_font_size=\u00a0\u00bbdesktop:40px;\u00a0\u00bb sub_heading_font_family=\u00a0\u00bbfont_family:Lato|font_call:Lato|variant:regular\u00a0\u00bb sub_heading_style=\u00a0\u00bbfont-weight:normal;font-style:normal;\u00a0\u00bb sub_heading_font_size=\u00a0\u00bbdesktop:19px;\u00a0\u00bb sub_heading_margin=\u00a0\u00bbmargin-bottom:0px;\u00a0\u00bb][\/ultimate_heading][ult_buttons btn_title=\u00a0\u00bbVoir nos derni\u00e8res offres d&rsquo;investissements \u00a0\u00bb btn_link=\u00a0\u00bburl:https%3A%2F%2Fbuyapartmentpoland.com%2F||target:%20_blank|\u00a0\u00bb btn_align=\u00a0\u00bbubtn-center\u00a0\u00bb btn_size=\u00a0\u00bbubtn-custom\u00a0\u00bb btn_width=\u00a0\u00bb500&Prime; btn_height=\u00a0\u00bb60&Prime; btn_title_color=\u00a0\u00bb#9e9e9e\u00a0\u00bb btn_bg_color=\u00a0\u00bbrgba(255,255,255,0.81)\u00a0\u00bb btn_title_color_hover=\u00a0\u00bb#b5b5b5&Prime; icon_size=\u00a0\u00bb32&Prime; btn_icon_pos=\u00a0\u00bbubtn-sep-icon-at-left\u00a0\u00bb btn_border_style=\u00a0\u00bbsolid\u00a0\u00bb btn_color_border=\u00a0\u00bb#afafaf\u00a0\u00bb btn_border_size=\u00a0\u00bb1&Prime; btn_radius=\u00a0\u00bb3&Prime; btn_font_size=\u00a0\u00bbdesktop:20px;\u00a0\u00bb][spacer height=\u00a0\u00bb140&Prime;][\/vc_column][\/vc_row][vc_row css=\u00a0\u00bb.vc_custom_1467659253114{margin-bottom: 0px !important;}\u00a0\u00bb animation_type=\u00a0\u00bbh\u00a0\u00bb horizontal_animation=\u00a0\u00bbleft-animation\u00a0\u00bb vertical_animation=\u00a0\u00bbtop-animation\u00a0\u00bb][\/vc_row][vc_column][\/vc_column][ult_animation_block animation=\u00a0\u00bbflipInX\u00a0\u00bb animation_duration=\u00a0\u00bb0.5&Prime; animation_delay=\u00a0\u00bb0.5&Prime; animation_iteration_count=\u00a0\u00bb1&Prime;][ultimate_heading main_heading_color=\u00a0\u00bb#888987&Prime; sub_heading_color=\u00a0\u00bb#888987&Prime; main_heading_font_family=\u00a0\u00bbfont_family:Lato|font_call:Lato\u00a0\u00bb main_heading_style=\u00a0\u00bbfont-weight:700;\u00a0\u00bb main_heading_font_size=\u00a0\u00bbdesktop:40px;\u00a0\u00bb sub_heading_font_family=\u00a0\u00bbfont_family:Latofont_call:Lato|variant:regular\u00a0\u00bb sub_heading_font_size=\u00a0\u00bbdesktop:45px;\u00a0\u00bb sub_heading_margin=\u00a0\u00bbmargin-top:30px;margin-bottom:0px;\u00a0\u00bb]<\/p>\n<h1>Nos partenaires<\/h1>\n<p>[\/ultimate_heading][vc_wp_text]<div class=\"lshowcase-clear-both\">&nbsp;<\/div><div class=\"lshowcase-logos\"><div  ><div class='lshowcase-box-9 '><div class=\"lshowcase-wrap-responsive\"><div class=\"lshowcase-boxInner\"><img src='https:\/\/thefox.pl\/wp-content\/uploads\/2017\/08\/20624283_1199039303574791_1303588234_n.png' width='150'  height = '100'  alt='Bouygues Immobilier Polska' title='' class='lshowcase-hover-grayscale'  \/><\/div><\/div><\/div><div class='lshowcase-box-9 ls-partner-homepage ls-partner-homepage '><div class=\"lshowcase-wrap-responsive\"><div class=\"lshowcase-boxInner\"><img src='https:\/\/thefox.pl\/wp-content\/uploads\/2018\/01\/buy-logo-a_2x-200x139.png' width='200'  height = '139'  alt='Buyapart' title='' class='lshowcase-hover-grayscale'  \/><\/div><\/div><\/div><div class='lshowcase-box-9 '><div class=\"lshowcase-wrap-responsive\"><div class=\"lshowcase-boxInner\"><img src='https:\/\/thefox.pl\/wp-content\/uploads\/2017\/07\/20624293_1199043146907740_1474010140_n.png' width='100'  height = '80'  alt='Firma Godna Zaufania' title='' class='lshowcase-hover-grayscale'  \/><\/div><\/div><\/div><div class='lshowcase-box-9 ls-partner-homepage '><div class=\"lshowcase-wrap-responsive\"><div class=\"lshowcase-boxInner\"><img src='https:\/\/thefox.pl\/wp-content\/uploads\/2016\/05\/rentflatpoland_vector-500-200x75.png' width='200'  height = '75'  alt='rentflatPOLAND' title='' class='lshowcase-hover-grayscale' style='height:auto; max-width:100%;padding-right:20px;padding-left:20px;' \/><\/div><\/div><\/div><\/div><\/div><div class=\"lshowcase-clear-both\">&nbsp;<\/div>[\/vc_wp_text][\/ult_animation_block]<\/p>\n","protected":false},"excerpt":{"rendered":"<p>[vc_row bg_type=\u00a0\u00bbimage\u00a0\u00bb parallax_style=\u00a0\u00bbvcpb-default\u00a0\u00bb bg_image_new=\u00a0\u00bbid^19500|url^https:\/\/thefox.pl\/wp-content\/uploads\/2016\/08\/reason-to-invest-in-poland.jpg|caption^Invest Poland|alt^Invest Poland|title^Invest Poland|description^null\u00a0\u00bb bg_img_attach=\u00a0\u00bbfixed\u00a0\u00bb bg_override=\u00a0\u00bbex-full\u00a0\u00bb css=\u00a0\u00bb.vc_custom_1471433894189{margin-bottom: 0px !important;padding-top: 60px !important;padding-bottom: 60px !important;background-color: #e5e5e5 !important;}\u00a0\u00bb animation_type=\u00a0\u00bbh\u00a0\u00bb horizontal_animation=\u00a0\u00bbleft-animation\u00a0\u00bb vertical_animation=\u00a0\u00bbtop-animation\u00a0\u00bb][vc_column][ultimate_spacer height=\u00a0\u00bb50&Prime;][ult_animation_block animation=\u00a0\u00bbflipInX\u00a0\u00bb animation_duration=\u00a0\u00bb0.5&Prime; animation_delay=\u00a0\u00bb0.5&Prime; animation_iteration_count=\u00a0\u00bb1&Prime;][ultimate_heading main_heading_color=\u00a0\u00bb#888987&Prime; sub_heading_color=\u00a0\u00bb#ffffff\u00a0\u00bb main_heading_font_family=\u00a0\u00bbfont_family:Lato|font_call:Lato\u00a0\u00bb main_heading_style=\u00a0\u00bbfont-weight:700;\u00a0\u00bb main_heading_font_size=\u00a0\u00bbdesktop:45px;\u00a0\u00bb sub_heading_font_family=\u00a0\u00bbfont_family:Latofont_call:Lato|variant:regular\u00a0\u00bb sub_heading_font_size=\u00a0\u00bbdesktop:60px;\u00a0\u00bb sub_heading_margin=\u00a0\u00bbmargin-top:20px;margin-bottom:px;\u00a0\u00bb] Pourquoi investir dans l&rsquo;immobilier en Pologne? \u00a0 [\/ultimate_heading][\/ult_animation_block][ultimate_spacer height=\u00a0\u00bb50&Prime;][\/vc_column][\/vc_row][vc_row bg_type=\u00a0\u00bbbg_color\u00a0\u00bb bg_override=\u00a0\u00bbfull\u00a0\u00bb css=\u00a0\u00bb.vc_custom_1515507234203{margin-bottom: 0px !important;}\u00a0\u00bb animation_type=\u00a0\u00bbh\u00a0\u00bb horizontal_animation=\u00a0\u00bbleft-animation\u00a0\u00bb vertical_animation=\u00a0\u00bbtop-animation\u00a0\u00bb bg_color_value=\u00a0\u00bb#eeeeee\u00a0\u00bb el_id=\u00a0\u00bbinvest\u00a0\u00bb][vc_column][ultimate_spacer height=\u00a0\u00bb30&Prime;][ult_animation_block animation=\u00a0\u00bbfadeInDown\u00a0\u00bb [&hellip;]<\/p>\n","protected":false},"author":1,"featured_media":22518,"parent":0,"menu_order":0,"comment_status":"closed","ping_status":"closed","template":"","meta":{"_et_pb_use_builder":"","_et_pb_old_content":"","_et_gb_content_width":"","footnotes":""},"yoast_head":"<!-- This site is optimized with the Yoast SEO plugin v22.1 - https:\/\/yoast.com\/wordpress\/plugins\/seo\/ -->\n<title>10 raisons d&#039;investir dans l&#039;immobilier en Pologne - Fox Property Investment Group<\/title>\n<meta name=\"description\" content=\"Vous souhaitez investir dans l&#039;immobilier en Pologne? La Pologne offre de nombreux avantages pour les personnes qui investissent dans l&#039;immobilier notamment avec une imposition faible, la protection du propri\u00e9taire dans la locatif, des frais de notaire pour l&#039;achat d\u2019un bien neuf \u00e0 1 %. Et bien plus!\" \/>\n<meta name=\"robots\" content=\"index, follow, max-snippet:-1, max-image-preview:large, max-video-preview:-1\" \/>\n<link rel=\"canonical\" href=\"https:\/\/thefox.pl\/fr\/10-raisons-dinvestir-dans-limmobilier-en-pologne\/\" \/>\n<meta property=\"og:locale\" content=\"fr_FR\" \/>\n<meta property=\"og:type\" content=\"article\" \/>\n<meta property=\"og:title\" content=\"10 raisons d&#039;investir dans l&#039;immobilier en Pologne - Fox Property Investment Group\" \/>\n<meta property=\"og:description\" content=\"Vous souhaitez investir dans l&#039;immobilier en Pologne? La Pologne offre de nombreux avantages pour les personnes qui investissent dans l&#039;immobilier notamment avec une imposition faible, la protection du propri\u00e9taire dans la locatif, des frais de notaire pour l&#039;achat d\u2019un bien neuf \u00e0 1 %. Et bien plus!\" \/>\n<meta property=\"og:url\" content=\"https:\/\/thefox.pl\/fr\/10-raisons-dinvestir-dans-limmobilier-en-pologne\/\" \/>\n<meta property=\"og:site_name\" content=\"Fox Property Investment Group\" \/>\n<meta property=\"article:modified_time\" content=\"2019-11-14T12:48:24+00:00\" \/>\n<meta property=\"og:image\" content=\"https:\/\/thefox.pl\/wp-content\/uploads\/2018\/01\/Screen-Shot-2018-01-09-at-19.59.34.png\" \/>\n\t<meta property=\"og:image:width\" content=\"1734\" \/>\n\t<meta property=\"og:image:height\" content=\"1134\" \/>\n\t<meta property=\"og:image:type\" content=\"image\/png\" \/>\n<meta name=\"twitter:card\" content=\"summary_large_image\" \/>\n<meta name=\"twitter:label1\" content=\"Dur\u00e9e de lecture estim\u00e9e\" \/>\n\t<meta name=\"twitter:data1\" content=\"6 minutes\" \/>\n<script type=\"application\/ld+json\" class=\"yoast-schema-graph\">{\"@context\":\"https:\/\/schema.org\",\"@graph\":[{\"@type\":\"WebPage\",\"@id\":\"https:\/\/thefox.pl\/fr\/10-raisons-dinvestir-dans-limmobilier-en-pologne\/\",\"url\":\"https:\/\/thefox.pl\/fr\/10-raisons-dinvestir-dans-limmobilier-en-pologne\/\",\"name\":\"10 raisons d'investir dans l'immobilier en Pologne - Fox Property Investment Group\",\"isPartOf\":{\"@id\":\"http:\/\/thefox.pl\/#website\"},\"datePublished\":\"2016-08-16T22:38:42+00:00\",\"dateModified\":\"2019-11-14T12:48:24+00:00\",\"description\":\"Vous souhaitez investir dans l'immobilier en Pologne? La Pologne offre de nombreux avantages pour les personnes qui investissent dans l'immobilier notamment avec une imposition faible, la protection du propri\u00e9taire dans la locatif, des frais de notaire pour l'achat d\u2019un bien neuf \u00e0 1 %. Et bien plus!\",\"breadcrumb\":{\"@id\":\"https:\/\/thefox.pl\/fr\/10-raisons-dinvestir-dans-limmobilier-en-pologne\/#breadcrumb\"},\"inLanguage\":\"fr-FR\",\"potentialAction\":[{\"@type\":\"ReadAction\",\"target\":[\"https:\/\/thefox.pl\/fr\/10-raisons-dinvestir-dans-limmobilier-en-pologne\/\"]}]},{\"@type\":\"BreadcrumbList\",\"@id\":\"https:\/\/thefox.pl\/fr\/10-raisons-dinvestir-dans-limmobilier-en-pologne\/#breadcrumb\",\"itemListElement\":[{\"@type\":\"ListItem\",\"position\":1,\"name\":\"Home\",\"item\":\"https:\/\/thefox.pl\/fr\/\"},{\"@type\":\"ListItem\",\"position\":2,\"name\":\"10 raisons d&rsquo;investir dans l&rsquo;immobilier en Pologne\"}]},{\"@type\":\"WebSite\",\"@id\":\"http:\/\/thefox.pl\/#website\",\"url\":\"http:\/\/thefox.pl\/\",\"name\":\"Fox Property Investment Group\",\"description\":\"Invest in real estate Poland\",\"publisher\":{\"@id\":\"http:\/\/thefox.pl\/#organization\"},\"potentialAction\":[{\"@type\":\"SearchAction\",\"target\":{\"@type\":\"EntryPoint\",\"urlTemplate\":\"http:\/\/thefox.pl\/?s={search_term_string}\"},\"query-input\":\"required name=search_term_string\"}],\"inLanguage\":\"fr-FR\"},{\"@type\":\"Organization\",\"@id\":\"http:\/\/thefox.pl\/#organization\",\"name\":\"Fox Property Investment Group\",\"url\":\"http:\/\/thefox.pl\/\",\"logo\":{\"@type\":\"ImageObject\",\"inLanguage\":\"fr-FR\",\"@id\":\"http:\/\/thefox.pl\/#\/schema\/logo\/image\/\",\"url\":\"\",\"contentUrl\":\"\",\"caption\":\"Fox Property Investment Group\"},\"image\":{\"@id\":\"http:\/\/thefox.pl\/#\/schema\/logo\/image\/\"}}]}<\/script>\n<!-- \/ Yoast SEO plugin. -->","yoast_head_json":{"title":"10 raisons d'investir dans l'immobilier en Pologne - Fox Property Investment Group","description":"Vous souhaitez investir dans l'immobilier en Pologne? La Pologne offre de nombreux avantages pour les personnes qui investissent dans l'immobilier notamment avec une imposition faible, la protection du propri\u00e9taire dans la locatif, des frais de notaire pour l'achat d\u2019un bien neuf \u00e0 1 %. Et bien plus!","robots":{"index":"index","follow":"follow","max-snippet":"max-snippet:-1","max-image-preview":"max-image-preview:large","max-video-preview":"max-video-preview:-1"},"canonical":"https:\/\/thefox.pl\/fr\/10-raisons-dinvestir-dans-limmobilier-en-pologne\/","og_locale":"fr_FR","og_type":"article","og_title":"10 raisons d'investir dans l'immobilier en Pologne - Fox Property Investment Group","og_description":"Vous souhaitez investir dans l'immobilier en Pologne? La Pologne offre de nombreux avantages pour les personnes qui investissent dans l'immobilier notamment avec une imposition faible, la protection du propri\u00e9taire dans la locatif, des frais de notaire pour l'achat d\u2019un bien neuf \u00e0 1 %. Et bien plus!","og_url":"https:\/\/thefox.pl\/fr\/10-raisons-dinvestir-dans-limmobilier-en-pologne\/","og_site_name":"Fox Property Investment Group","article_modified_time":"2019-11-14T12:48:24+00:00","og_image":[{"width":1734,"height":1134,"url":"https:\/\/thefox.pl\/wp-content\/uploads\/2018\/01\/Screen-Shot-2018-01-09-at-19.59.34.png","type":"image\/png"}],"twitter_card":"summary_large_image","twitter_misc":{"Dur\u00e9e de lecture estim\u00e9e":"6 minutes"},"schema":{"@context":"https:\/\/schema.org","@graph":[{"@type":"WebPage","@id":"https:\/\/thefox.pl\/fr\/10-raisons-dinvestir-dans-limmobilier-en-pologne\/","url":"https:\/\/thefox.pl\/fr\/10-raisons-dinvestir-dans-limmobilier-en-pologne\/","name":"10 raisons d'investir dans l'immobilier en Pologne - Fox Property Investment Group","isPartOf":{"@id":"http:\/\/thefox.pl\/#website"},"datePublished":"2016-08-16T22:38:42+00:00","dateModified":"2019-11-14T12:48:24+00:00","description":"Vous souhaitez investir dans l'immobilier en Pologne? La Pologne offre de nombreux avantages pour les personnes qui investissent dans l'immobilier notamment avec une imposition faible, la protection du propri\u00e9taire dans la locatif, des frais de notaire pour l'achat d\u2019un bien neuf \u00e0 1 %. Et bien plus!","breadcrumb":{"@id":"https:\/\/thefox.pl\/fr\/10-raisons-dinvestir-dans-limmobilier-en-pologne\/#breadcrumb"},"inLanguage":"fr-FR","potentialAction":[{"@type":"ReadAction","target":["https:\/\/thefox.pl\/fr\/10-raisons-dinvestir-dans-limmobilier-en-pologne\/"]}]},{"@type":"BreadcrumbList","@id":"https:\/\/thefox.pl\/fr\/10-raisons-dinvestir-dans-limmobilier-en-pologne\/#breadcrumb","itemListElement":[{"@type":"ListItem","position":1,"name":"Home","item":"https:\/\/thefox.pl\/fr\/"},{"@type":"ListItem","position":2,"name":"10 raisons d&rsquo;investir dans l&rsquo;immobilier en Pologne"}]},{"@type":"WebSite","@id":"http:\/\/thefox.pl\/#website","url":"http:\/\/thefox.pl\/","name":"Fox Property Investment Group","description":"Invest in real estate Poland","publisher":{"@id":"http:\/\/thefox.pl\/#organization"},"potentialAction":[{"@type":"SearchAction","target":{"@type":"EntryPoint","urlTemplate":"http:\/\/thefox.pl\/?s={search_term_string}"},"query-input":"required name=search_term_string"}],"inLanguage":"fr-FR"},{"@type":"Organization","@id":"http:\/\/thefox.pl\/#organization","name":"Fox Property Investment Group","url":"http:\/\/thefox.pl\/","logo":{"@type":"ImageObject","inLanguage":"fr-FR","@id":"http:\/\/thefox.pl\/#\/schema\/logo\/image\/","url":"","contentUrl":"","caption":"Fox Property Investment Group"},"image":{"@id":"http:\/\/thefox.pl\/#\/schema\/logo\/image\/"}}]}},"_links":{"self":[{"href":"https:\/\/thefox.pl\/fr\/wp-json\/wp\/v2\/pages\/22462"}],"collection":[{"href":"https:\/\/thefox.pl\/fr\/wp-json\/wp\/v2\/pages"}],"about":[{"href":"https:\/\/thefox.pl\/fr\/wp-json\/wp\/v2\/types\/page"}],"author":[{"embeddable":true,"href":"https:\/\/thefox.pl\/fr\/wp-json\/wp\/v2\/users\/1"}],"replies":[{"embeddable":true,"href":"https:\/\/thefox.pl\/fr\/wp-json\/wp\/v2\/comments?post=22462"}],"version-history":[{"count":44,"href":"https:\/\/thefox.pl\/fr\/wp-json\/wp\/v2\/pages\/22462\/revisions"}],"predecessor-version":[{"id":22659,"href":"https:\/\/thefox.pl\/fr\/wp-json\/wp\/v2\/pages\/22462\/revisions\/22659"}],"wp:featuredmedia":[{"embeddable":true,"href":"https:\/\/thefox.pl\/fr\/wp-json\/wp\/v2\/media\/22518"}],"wp:attachment":[{"href":"https:\/\/thefox.pl\/fr\/wp-json\/wp\/v2\/media?parent=22462"}],"curies":[{"name":"wp","href":"https:\/\/api.w.org\/{rel}","templated":true}]}}