{"id":23415,"date":"2020-04-08T18:52:48","date_gmt":"2020-04-08T16:52:48","guid":{"rendered":"https:\/\/thefox.pl\/why-invest-in-real-estate-in-poland\/"},"modified":"2020-04-09T13:59:31","modified_gmt":"2020-04-09T11:59:31","slug":"pourquoi-investir-dans-limmobilier-en-pologne","status":"publish","type":"page","link":"https:\/\/thefox.pl\/fr\/pourquoi-investir-dans-limmobilier-en-pologne\/","title":{"rendered":"Pourquoi investir dans l&rsquo;immobilier en Pologne?"},"content":{"rendered":"<p>[et_pb_section fb_built=\u00a0\u00bb1&Prime; fullwidth=\u00a0\u00bbon\u00a0\u00bb admin_label=\u00a0\u00bbHeader\u00a0\u00bb _builder_version=\u00a0\u00bb4.0.11&Prime; background_image=\u00a0\u00bbhttps:\/\/thefox.pl\/wp-content\/uploads\/2020\/04\/P1010141-min-scaled.jpg\u00a0\u00bb parallax=\u00a0\u00bbon\u00a0\u00bb custom_margin=\u00a0\u00bb|||\u00a0\u00bb custom_padding=\u00a0\u00bb|||\u00a0\u00bb][et_pb_fullwidth_header title=\u00a0\u00bbWhy invest in real estate in Poland?\u00a0\u00bb button_one_url=\u00a0\u00bb#\u00a0\u00bb button_two_url=\u00a0\u00bb#\u00a0\u00bb scroll_down_icon_size_tablet=\u00a0\u00bb\u00a0\u00bb scroll_down_icon_size_phone=\u00a0\u00bb\u00a0\u00bb scroll_down_icon_size_last_edited=\u00a0\u00bbon|phone\u00a0\u00bb _builder_version=\u00a0\u00bb4.0.11&Prime; title_font=\u00a0\u00bbUbuntu|700|||||||\u00a0\u00bb title_font_size=\u00a0\u00bb55px\u00a0\u00bb title_line_height=\u00a0\u00bb1.2em\u00a0\u00bb content_font=\u00a0\u00bb|600|||||||\u00a0\u00bb content_font_size=\u00a0\u00bb20px\u00a0\u00bb content_line_height=\u00a0\u00bb2em\u00a0\u00bb background_color=\u00a0\u00bbrgba(255,255,255,0)\u00a0\u00bb use_background_color_gradient=\u00a0\u00bbon\u00a0\u00bb background_color_gradient_start=\u00a0\u00bb#ffffff\u00a0\u00bb background_color_gradient_end=\u00a0\u00bbrgba(255,255,255,0.64)\u00a0\u00bb background_color_gradient_type=\u00a0\u00bbradial\u00a0\u00bb background_color_gradient_start_position=\u00a0\u00bb21%\u00a0\u00bb custom_button_one=\u00a0\u00bbon\u00a0\u00bb button_one_text_size=\u00a0\u00bb18px\u00a0\u00bb button_one_text_color=\u00a0\u00bb#ffffff\u00a0\u00bb button_one_bg_color=\u00a0\u00bb#f2835a\u00a0\u00bb button_one_bg_color_gradient_start=\u00a0\u00bb#f2835a\u00a0\u00bb button_one_bg_color_gradient_end=\u00a0\u00bb#fab993&Prime; button_one_bg_color_gradient_direction=\u00a0\u00bb90deg\u00a0\u00bb button_one_bg_color_gradient_overlays_image=\u00a0\u00bbon\u00a0\u00bb button_one_border_width=\u00a0\u00bb10px\u00a0\u00bb button_one_border_color=\u00a0\u00bb#f2835a\u00a0\u00bb button_one_border_radius=\u00a0\u00bb0px\u00a0\u00bb button_one_font=\u00a0\u00bbUbuntu|700|||||||\u00a0\u00bb custom_button_two=\u00a0\u00bbon\u00a0\u00bb button_two_text_size=\u00a0\u00bb18px\u00a0\u00bb button_two_text_color=\u00a0\u00bb#ffffff\u00a0\u00bb button_two_bg_color=\u00a0\u00bb#557df3&Prime; button_two_border_width=\u00a0\u00bb10px\u00a0\u00bb button_two_border_color=\u00a0\u00bb#557df3&Prime; button_two_border_radius=\u00a0\u00bb0px\u00a0\u00bb button_two_font=\u00a0\u00bbUbuntu|700|||||||\u00a0\u00bb background_layout=\u00a0\u00bblight\u00a0\u00bb custom_padding=\u00a0\u00bb6vw||0vw||false|\u00a0\u00bb custom_padding_tablet=\u00a0\u00bb||||false\u00a0\u00bb custom_padding_phone=\u00a0\u00bb3vw||6vw||false\u00a0\u00bb custom_padding_last_edited=\u00a0\u00bbon|phone\u00a0\u00bb animation_style=\u00a0\u00bbfade\u00a0\u00bb title_font_size_tablet=\u00a0\u00bb35px\u00a0\u00bb title_font_size_phone=\u00a0\u00bb25px\u00a0\u00bb title_font_size_last_edited=\u00a0\u00bbon|phone\u00a0\u00bb content_font_size_tablet=\u00a0\u00bb16px\u00a0\u00bb content_font_size_phone=\u00a0\u00bb14px\u00a0\u00bb content_font_size_last_edited=\u00a0\u00bbon|phone\u00a0\u00bb button_one_text_size_tablet=\u00a0\u00bb\u00a0\u00bb button_one_text_size_phone=\u00a0\u00bb\u00a0\u00bb button_one_text_size_last_edited=\u00a0\u00bbon|desktop\u00a0\u00bb button_one_border_radius_hover=\u00a0\u00bb0px\u00a0\u00bb button_two_border_radius_hover=\u00a0\u00bb0px\u00a0\u00bb button_one_text_size__hover_enabled=\u00a0\u00bboff\u00a0\u00bb button_two_text_size__hover_enabled=\u00a0\u00bboff\u00a0\u00bb button_one_text_color__hover_enabled=\u00a0\u00bboff\u00a0\u00bb button_two_text_color__hover_enabled=\u00a0\u00bboff\u00a0\u00bb button_one_border_width__hover_enabled=\u00a0\u00bboff\u00a0\u00bb button_two_border_width__hover_enabled=\u00a0\u00bboff\u00a0\u00bb button_one_border_color__hover_enabled=\u00a0\u00bboff\u00a0\u00bb button_two_border_color__hover_enabled=\u00a0\u00bboff\u00a0\u00bb button_one_border_radius__hover_enabled=\u00a0\u00bbon\u00a0\u00bb button_one_border_radius__hover=\u00a0\u00bb0px\u00a0\u00bb button_two_border_radius__hover_enabled=\u00a0\u00bbon\u00a0\u00bb button_two_border_radius__hover=\u00a0\u00bb0px\u00a0\u00bb button_one_letter_spacing__hover_enabled=\u00a0\u00bboff\u00a0\u00bb button_two_letter_spacing__hover_enabled=\u00a0\u00bboff\u00a0\u00bb button_one_bg_color__hover_enabled=\u00a0\u00bboff\u00a0\u00bb button_two_bg_color__hover_enabled=\u00a0\u00bboff\u00a0\u00bb]<\/p>\n<p>Buy your first rental property in Poland and build financial freedom.<\/p>\n<p>&nbsp;<\/p>\n<p>[\/et_pb_fullwidth_header][\/et_pb_section][et_pb_section fb_built=\u00a0\u00bb1&Prime; _builder_version=\u00a0\u00bb4.0.11&Prime; custom_padding=\u00a0\u00bb1px|||||\u00a0\u00bb][et_pb_row _builder_version=\u00a0\u00bb4.0.11&Prime; min_height=\u00a0\u00bb36px\u00a0\u00bb custom_margin=\u00a0\u00bb|auto|-66px|auto||\u00a0\u00bb custom_padding=\u00a0\u00bb||40px|||\u00a0\u00bb][et_pb_column type=\u00a0\u00bb4_4&Prime; _builder_version=\u00a0\u00bb4.0.11&Prime;][et_pb_text _builder_version=\u00a0\u00bb4.0.11&Prime;]<\/p>\n<p style=\"text-align: center;\"><span><span style=\"font-size: xx-large;\">10 key reasons to\u00a0invest now in Poland\u2019s real estate<\/span><\/span><\/p>\n<p>[\/et_pb_text][\/et_pb_column][\/et_pb_row][\/et_pb_section][et_pb_section fb_built=\u00a0\u00bb1&Prime; admin_label=\u00a0\u00bbAbout Us\u00a0\u00bb _builder_version=\u00a0\u00bb3.22&Prime; custom_padding=\u00a0\u00bb0px|||||\u00a0\u00bb][et_pb_row column_structure=\u00a0\u00bb1_2,1_2&Prime; _builder_version=\u00a0\u00bb3.25&Prime; locked=\u00a0\u00bboff\u00a0\u00bb][et_pb_column type=\u00a0\u00bb1_2&Prime; _builder_version=\u00a0\u00bb3.25&Prime; custom_padding=\u00a0\u00bb|||\u00a0\u00bb custom_padding__hover=\u00a0\u00bb|||\u00a0\u00bb][et_pb_blurb title=\u00a0\u00bbReturn on investment: 8 to 15 years\u00a0\u00bb use_icon=\u00a0\u00bbon\u00a0\u00bb font_icon=\u00a0\u00bb%%158%%\u00a0\u00bb icon_color=\u00a0\u00bb#f9b58e\u00a0\u00bb icon_placement=\u00a0\u00bbleft\u00a0\u00bb content_max_width=\u00a0\u00bb100%\u00a0\u00bb use_icon_font_size=\u00a0\u00bbon\u00a0\u00bb icon_font_size=\u00a0\u00bb22px\u00a0\u00bb _builder_version=\u00a0\u00bb4.0.11&Prime; header_font=\u00a0\u00bbUbuntu|700|||||||\u00a0\u00bb header_font_size=\u00a0\u00bb18px\u00a0\u00bb header_line_height=\u00a0\u00bb1.2em\u00a0\u00bb body_font=\u00a0\u00bb||||||||\u00a0\u00bb body_line_height=\u00a0\u00bb1.8em\u00a0\u00bb custom_margin=\u00a0\u00bb|||\u00a0\u00bb header_font_size_last_edited=\u00a0\u00bboff|desktop\u00a0\u00bb locked=\u00a0\u00bboff\u00a0\u00bb]Due to our expertise, we can provide investments with 8\/15 years return \u2013 contracts for normal renting \u2013 6months\/ 1 year renewable.[\/et_pb_blurb][et_pb_blurb title=\u00a0\u00bbCost of notary act for new unit &#8211; 1%\u00a0\u00bb use_icon=\u00a0\u00bbon\u00a0\u00bb font_icon=\u00a0\u00bb%%157%%\u00a0\u00bb icon_color=\u00a0\u00bb#f9b58e\u00a0\u00bb icon_placement=\u00a0\u00bbleft\u00a0\u00bb content_max_width=\u00a0\u00bb100%\u00a0\u00bb use_icon_font_size=\u00a0\u00bbon\u00a0\u00bb icon_font_size=\u00a0\u00bb22px\u00a0\u00bb _builder_version=\u00a0\u00bb4.0.11&Prime; header_font=\u00a0\u00bbUbuntu|700|||||||\u00a0\u00bb header_font_size=\u00a0\u00bb18px\u00a0\u00bb header_line_height=\u00a0\u00bb1.2em\u00a0\u00bb body_font=\u00a0\u00bb||||||||\u00a0\u00bb body_line_height=\u00a0\u00bb1.8em\u00a0\u00bb custom_margin=\u00a0\u00bb||50px|||\u00a0\u00bb header_font_size_last_edited=\u00a0\u00bboff|desktop\u00a0\u00bb locked=\u00a0\u00bboff\u00a0\u00bb]<\/p>\n<p><span>The cost of Notary act in Poland for purchasing new units is only 1% of the property\u2019s value.<\/span><\/p>\n<p>[\/et_pb_blurb][et_pb_blurb title=\u00a0\u00bbProperty tax: only 0.20\u20ac per s.q. per year\u00a0\u00bb use_icon=\u00a0\u00bbon\u00a0\u00bb font_icon=\u00a0\u00bb%%72%%\u00a0\u00bb icon_color=\u00a0\u00bb#f9b58e\u00a0\u00bb icon_placement=\u00a0\u00bbleft\u00a0\u00bb content_max_width=\u00a0\u00bb100%\u00a0\u00bb use_icon_font_size=\u00a0\u00bbon\u00a0\u00bb icon_font_size=\u00a0\u00bb22px\u00a0\u00bb _builder_version=\u00a0\u00bb4.0.11&Prime; header_font=\u00a0\u00bbUbuntu|700|||||||\u00a0\u00bb header_font_size=\u00a0\u00bb18px\u00a0\u00bb header_line_height=\u00a0\u00bb1.2em\u00a0\u00bb body_font=\u00a0\u00bb||||||||\u00a0\u00bb body_line_height=\u00a0\u00bb1.8em\u00a0\u00bb custom_margin=\u00a0\u00bb||45px|||\u00a0\u00bb header_font_size_last_edited=\u00a0\u00bboff|desktop\u00a0\u00bb locked=\u00a0\u00bboff\u00a0\u00bb]<\/p>\n<p><span>Property Tax\u00a0in Poland is only 0.20\u20ac per s.q. per year (0.75pln\/m2), and for\u00a0commercial units is 5.50\u20ac\/m2 (22.86pln\/m2).<\/span><\/p>\n<p>[\/et_pb_blurb][et_pb_blurb title=\u00a0\u00bbFlexible rental contract\u00a0\u00bb use_icon=\u00a0\u00bbon\u00a0\u00bb font_icon=\u00a0\u00bb%%75%%\u00a0\u00bb icon_color=\u00a0\u00bb#f9b58e\u00a0\u00bb icon_placement=\u00a0\u00bbleft\u00a0\u00bb content_max_width=\u00a0\u00bb100%\u00a0\u00bb use_icon_font_size=\u00a0\u00bbon\u00a0\u00bb icon_font_size=\u00a0\u00bb22px\u00a0\u00bb _builder_version=\u00a0\u00bb4.0.11&Prime; header_font=\u00a0\u00bbUbuntu|700|||||||\u00a0\u00bb header_font_size=\u00a0\u00bb18px\u00a0\u00bb header_line_height=\u00a0\u00bb1.2em\u00a0\u00bb body_font=\u00a0\u00bb||||||||\u00a0\u00bb body_line_height=\u00a0\u00bb1.8em\u00a0\u00bb custom_margin=\u00a0\u00bb|||\u00a0\u00bb header_font_size_last_edited=\u00a0\u00bboff|desktop\u00a0\u00bb locked=\u00a0\u00bboff\u00a0\u00bb]In Poland, lease agreement are flexible which protects your asset and you as owner.[\/et_pb_blurb][et_pb_blurb title=\u00a0\u00bbHigh development in term of infrastructure\u00a0\u00bb use_icon=\u00a0\u00bbon\u00a0\u00bb font_icon=\u00a0\u00bb%%103%%\u00a0\u00bb icon_color=\u00a0\u00bb#f9b58e\u00a0\u00bb icon_placement=\u00a0\u00bbleft\u00a0\u00bb content_max_width=\u00a0\u00bb100%\u00a0\u00bb use_icon_font_size=\u00a0\u00bbon\u00a0\u00bb icon_font_size=\u00a0\u00bb22px\u00a0\u00bb _builder_version=\u00a0\u00bb4.0.11&Prime; header_font=\u00a0\u00bbUbuntu|700|||||||\u00a0\u00bb header_font_size=\u00a0\u00bb18px\u00a0\u00bb header_line_height=\u00a0\u00bb1.2em\u00a0\u00bb body_font=\u00a0\u00bb||||||||\u00a0\u00bb body_line_height=\u00a0\u00bb1.8em\u00a0\u00bb custom_margin=\u00a0\u00bb|||\u00a0\u00bb header_font_size_last_edited=\u00a0\u00bboff|desktop\u00a0\u00bb locked=\u00a0\u00bboff\u00a0\u00bb]<\/p>\n<p><span>Poland is developing very fast, with new infrastructure such highways, airports, and communication hub.<\/span><\/p>\n<p>[\/et_pb_blurb][\/et_pb_column][et_pb_column type=\u00a0\u00bb1_2&Prime; _builder_version=\u00a0\u00bb3.25&Prime; custom_padding=\u00a0\u00bb|||\u00a0\u00bb custom_padding__hover=\u00a0\u00bb|||\u00a0\u00bb][et_pb_blurb title=\u00a0\u00bbRental income tax: 8.5%\u00a0\u00bb use_icon=\u00a0\u00bbon\u00a0\u00bb font_icon=\u00a0\u00bb%%69%%\u00a0\u00bb icon_color=\u00a0\u00bb#f9b58e\u00a0\u00bb icon_placement=\u00a0\u00bbleft\u00a0\u00bb content_max_width=\u00a0\u00bb100%\u00a0\u00bb use_icon_font_size=\u00a0\u00bbon\u00a0\u00bb icon_font_size=\u00a0\u00bb22px\u00a0\u00bb _builder_version=\u00a0\u00bb4.0.11&Prime; header_font=\u00a0\u00bbUbuntu|700|||||||\u00a0\u00bb header_font_size=\u00a0\u00bb18px\u00a0\u00bb header_line_height=\u00a0\u00bb1.2em\u00a0\u00bb body_font=\u00a0\u00bb||||||||\u00a0\u00bb body_line_height=\u00a0\u00bb1.8em\u00a0\u00bb custom_margin=\u00a0\u00bb||48px|||\u00a0\u00bb header_font_size_last_edited=\u00a0\u00bboff|desktop\u00a0\u00bb locked=\u00a0\u00bboff\u00a0\u00bb]Rental Income Tax in Poland is only 8.5% for flats.[\/et_pb_blurb][et_pb_blurb title=\u00a0\u00bbCost of notary act for old unit: 3%\u00a0\u00bb use_icon=\u00a0\u00bbon\u00a0\u00bb font_icon=\u00a0\u00bb%%157%%\u00a0\u00bb icon_color=\u00a0\u00bb#f9b58e\u00a0\u00bb icon_placement=\u00a0\u00bbleft\u00a0\u00bb content_max_width=\u00a0\u00bb100%\u00a0\u00bb use_icon_font_size=\u00a0\u00bbon\u00a0\u00bb icon_font_size=\u00a0\u00bb22px\u00a0\u00bb _builder_version=\u00a0\u00bb4.0.11&Prime; header_font=\u00a0\u00bbUbuntu|700|||||||\u00a0\u00bb header_font_size=\u00a0\u00bb18px\u00a0\u00bb header_line_height=\u00a0\u00bb1.2em\u00a0\u00bb body_font=\u00a0\u00bb||||||||\u00a0\u00bb body_line_height=\u00a0\u00bb1.8em\u00a0\u00bb custom_margin=\u00a0\u00bb|||\u00a0\u00bb header_font_size_last_edited=\u00a0\u00bboff|desktop\u00a0\u00bb locked=\u00a0\u00bboff\u00a0\u00bb]<\/p>\n<p><span>The cost of Notary act in Poland for purchasing from secondary market\u00a0unit is only 3% of the property\u2019s value (Tax on civil law transactions is 2% + Notarial act is 1%)<\/span><\/p>\n<p>[\/et_pb_blurb][et_pb_blurb title=\u00a0\u00bbAffordable price per s.q.\u00a0\u00bb use_icon=\u00a0\u00bbon\u00a0\u00bb font_icon=\u00a0\u00bb%%117%%\u00a0\u00bb icon_color=\u00a0\u00bb#f9b58e\u00a0\u00bb icon_placement=\u00a0\u00bbleft\u00a0\u00bb content_max_width=\u00a0\u00bb100%\u00a0\u00bb use_icon_font_size=\u00a0\u00bbon\u00a0\u00bb icon_font_size=\u00a0\u00bb22px\u00a0\u00bb _builder_version=\u00a0\u00bb4.0.11&Prime; header_font=\u00a0\u00bbUbuntu|700|||||||\u00a0\u00bb header_font_size=\u00a0\u00bb18px\u00a0\u00bb header_line_height=\u00a0\u00bb1.2em\u00a0\u00bb body_font=\u00a0\u00bb||||||||\u00a0\u00bb body_line_height=\u00a0\u00bb1.8em\u00a0\u00bb custom_margin=\u00a0\u00bb|||\u00a0\u00bb header_font_size_last_edited=\u00a0\u00bboff|desktop\u00a0\u00bb locked=\u00a0\u00bboff\u00a0\u00bb]<\/p>\n<p><span>For \u0141\u00f3d\u017a, price\u00a0per s.q. starts at 1250\u20ac for new units. For secondary market, price starts at 850\u20ac. For Warsaw,\u00a0price\u00a0per s.q. starts at 2000\u00a0\u20ac for new units. For secondary market, price starts at 1500\u20ac.<\/span><\/p>\n<p>[\/et_pb_blurb][et_pb_blurb title=\u00a0\u00bbFit-out of your property\u00a0\u00bb use_icon=\u00a0\u00bbon\u00a0\u00bb font_icon=\u00a0\u00bb%%102%%\u00a0\u00bb icon_color=\u00a0\u00bb#f9b58e\u00a0\u00bb icon_placement=\u00a0\u00bbleft\u00a0\u00bb content_max_width=\u00a0\u00bb100%\u00a0\u00bb use_icon_font_size=\u00a0\u00bbon\u00a0\u00bb icon_font_size=\u00a0\u00bb22px\u00a0\u00bb _builder_version=\u00a0\u00bb4.0.11&Prime; header_font=\u00a0\u00bbUbuntu|700|||||||\u00a0\u00bb header_font_size=\u00a0\u00bb18px\u00a0\u00bb header_line_height=\u00a0\u00bb1.2em\u00a0\u00bb body_font=\u00a0\u00bb||||||||\u00a0\u00bb body_line_height=\u00a0\u00bb1.8em\u00a0\u00bb custom_margin=\u00a0\u00bb||45px|||\u00a0\u00bb header_font_size_last_edited=\u00a0\u00bboff|desktop\u00a0\u00bb locked=\u00a0\u00bboff\u00a0\u00bb]We can manage the fit-out of your apartment.[\/et_pb_blurb][et_pb_blurb title=\u00a0\u00bbPossibility to finance up to 80%\u00a0\u00bb use_icon=\u00a0\u00bbon\u00a0\u00bb font_icon=\u00a0\u00bb%%113%%\u00a0\u00bb icon_color=\u00a0\u00bb#f9b58e\u00a0\u00bb icon_placement=\u00a0\u00bbleft\u00a0\u00bb content_max_width=\u00a0\u00bb100%\u00a0\u00bb use_icon_font_size=\u00a0\u00bbon\u00a0\u00bb icon_font_size=\u00a0\u00bb22px\u00a0\u00bb _builder_version=\u00a0\u00bb4.0.11&Prime; header_font=\u00a0\u00bbUbuntu|700|||||||\u00a0\u00bb header_font_size=\u00a0\u00bb18px\u00a0\u00bb header_line_height=\u00a0\u00bb1.2em\u00a0\u00bb body_font=\u00a0\u00bb||||||||\u00a0\u00bb body_line_height=\u00a0\u00bb1.8em\u00a0\u00bb custom_margin=\u00a0\u00bb|||\u00a0\u00bb header_font_size_last_edited=\u00a0\u00bboff|desktop\u00a0\u00bb locked=\u00a0\u00bboff\u00a0\u00bb]<\/p>\n<p><span>Only if you are foreigner earning income inside Poland, we can provide credit loans up to 80% of the property value.<\/span><\/p>\n<p>[\/et_pb_blurb][\/et_pb_column][\/et_pb_row][\/et_pb_section]<\/p>\n","protected":false},"excerpt":{"rendered":"<p>Buy your first rental property in Poland and build financial freedom. &nbsp;10 key reasons to\u00a0invest now in Poland\u2019s real estateDue to our expertise, we can provide investments with 8\/15 years return \u2013 contracts for normal renting \u2013 6months\/ 1 year renewable.The cost of Notary act in Poland for purchasing new units is only 1% of [&hellip;]<\/p>\n","protected":false},"author":1,"featured_media":0,"parent":0,"menu_order":0,"comment_status":"closed","ping_status":"closed","template":"","meta":{"_et_pb_use_builder":"on","_et_pb_old_content":"","_et_gb_content_width":"","footnotes":""},"yoast_head":"<!-- This site is optimized with the Yoast SEO plugin v22.1 - https:\/\/yoast.com\/wordpress\/plugins\/seo\/ -->\n<title>Pourquoi investir dans l&#039;immobilier en Pologne? - Fox Property Investment Group<\/title>\n<meta name=\"robots\" content=\"index, follow, max-snippet:-1, max-image-preview:large, max-video-preview:-1\" \/>\n<link rel=\"canonical\" href=\"https:\/\/thefox.pl\/fr\/pourquoi-investir-dans-limmobilier-en-pologne\/\" \/>\n<meta property=\"og:locale\" content=\"fr_FR\" \/>\n<meta property=\"og:type\" content=\"article\" \/>\n<meta property=\"og:title\" content=\"Pourquoi investir dans l&#039;immobilier en Pologne? - Fox Property Investment Group\" \/>\n<meta property=\"og:description\" content=\"Buy your first rental property in Poland and build financial freedom. &nbsp;10 key reasons to\u00a0invest now in Poland\u2019s real estateDue to our expertise, we can provide investments with 8\/15 years return \u2013 contracts for normal renting \u2013 6months\/ 1 year renewable.The cost of Notary act in Poland for purchasing new units is only 1% of [&hellip;]\" \/>\n<meta property=\"og:url\" content=\"https:\/\/thefox.pl\/fr\/pourquoi-investir-dans-limmobilier-en-pologne\/\" \/>\n<meta property=\"og:site_name\" content=\"Fox Property Investment Group\" \/>\n<meta property=\"article:modified_time\" content=\"2020-04-09T11:59:31+00:00\" \/>\n<meta name=\"twitter:card\" content=\"summary_large_image\" \/>\n<meta name=\"twitter:label1\" content=\"Dur\u00e9e de lecture estim\u00e9e\" \/>\n\t<meta name=\"twitter:data1\" content=\"7 minutes\" \/>\n<script type=\"application\/ld+json\" class=\"yoast-schema-graph\">{\"@context\":\"https:\/\/schema.org\",\"@graph\":[{\"@type\":\"WebPage\",\"@id\":\"https:\/\/thefox.pl\/fr\/pourquoi-investir-dans-limmobilier-en-pologne\/\",\"url\":\"https:\/\/thefox.pl\/fr\/pourquoi-investir-dans-limmobilier-en-pologne\/\",\"name\":\"Pourquoi investir dans l'immobilier en Pologne? - Fox Property Investment Group\",\"isPartOf\":{\"@id\":\"http:\/\/thefox.pl\/#website\"},\"datePublished\":\"2020-04-08T16:52:48+00:00\",\"dateModified\":\"2020-04-09T11:59:31+00:00\",\"breadcrumb\":{\"@id\":\"https:\/\/thefox.pl\/fr\/pourquoi-investir-dans-limmobilier-en-pologne\/#breadcrumb\"},\"inLanguage\":\"fr-FR\",\"potentialAction\":[{\"@type\":\"ReadAction\",\"target\":[\"https:\/\/thefox.pl\/fr\/pourquoi-investir-dans-limmobilier-en-pologne\/\"]}]},{\"@type\":\"BreadcrumbList\",\"@id\":\"https:\/\/thefox.pl\/fr\/pourquoi-investir-dans-limmobilier-en-pologne\/#breadcrumb\",\"itemListElement\":[{\"@type\":\"ListItem\",\"position\":1,\"name\":\"Home\",\"item\":\"https:\/\/thefox.pl\/fr\/\"},{\"@type\":\"ListItem\",\"position\":2,\"name\":\"Pourquoi investir dans l&rsquo;immobilier en Pologne?\"}]},{\"@type\":\"WebSite\",\"@id\":\"http:\/\/thefox.pl\/#website\",\"url\":\"http:\/\/thefox.pl\/\",\"name\":\"Fox Property Investment Group\",\"description\":\"Invest in real estate Poland\",\"publisher\":{\"@id\":\"http:\/\/thefox.pl\/#organization\"},\"potentialAction\":[{\"@type\":\"SearchAction\",\"target\":{\"@type\":\"EntryPoint\",\"urlTemplate\":\"http:\/\/thefox.pl\/?s={search_term_string}\"},\"query-input\":\"required name=search_term_string\"}],\"inLanguage\":\"fr-FR\"},{\"@type\":\"Organization\",\"@id\":\"http:\/\/thefox.pl\/#organization\",\"name\":\"Fox Property Investment Group\",\"url\":\"http:\/\/thefox.pl\/\",\"logo\":{\"@type\":\"ImageObject\",\"inLanguage\":\"fr-FR\",\"@id\":\"http:\/\/thefox.pl\/#\/schema\/logo\/image\/\",\"url\":\"\",\"contentUrl\":\"\",\"caption\":\"Fox Property Investment Group\"},\"image\":{\"@id\":\"http:\/\/thefox.pl\/#\/schema\/logo\/image\/\"}}]}<\/script>\n<!-- \/ Yoast SEO plugin. -->","yoast_head_json":{"title":"Pourquoi investir dans l'immobilier en Pologne? - Fox Property Investment Group","robots":{"index":"index","follow":"follow","max-snippet":"max-snippet:-1","max-image-preview":"max-image-preview:large","max-video-preview":"max-video-preview:-1"},"canonical":"https:\/\/thefox.pl\/fr\/pourquoi-investir-dans-limmobilier-en-pologne\/","og_locale":"fr_FR","og_type":"article","og_title":"Pourquoi investir dans l'immobilier en Pologne? - Fox Property Investment Group","og_description":"Buy your first rental property in Poland and build financial freedom. &nbsp;10 key reasons to\u00a0invest now in Poland\u2019s real estateDue to our expertise, we can provide investments with 8\/15 years return \u2013 contracts for normal renting \u2013 6months\/ 1 year renewable.The cost of Notary act in Poland for purchasing new units is only 1% of [&hellip;]","og_url":"https:\/\/thefox.pl\/fr\/pourquoi-investir-dans-limmobilier-en-pologne\/","og_site_name":"Fox Property Investment Group","article_modified_time":"2020-04-09T11:59:31+00:00","twitter_card":"summary_large_image","twitter_misc":{"Dur\u00e9e de lecture estim\u00e9e":"7 minutes"},"schema":{"@context":"https:\/\/schema.org","@graph":[{"@type":"WebPage","@id":"https:\/\/thefox.pl\/fr\/pourquoi-investir-dans-limmobilier-en-pologne\/","url":"https:\/\/thefox.pl\/fr\/pourquoi-investir-dans-limmobilier-en-pologne\/","name":"Pourquoi investir dans l'immobilier en Pologne? - Fox Property Investment Group","isPartOf":{"@id":"http:\/\/thefox.pl\/#website"},"datePublished":"2020-04-08T16:52:48+00:00","dateModified":"2020-04-09T11:59:31+00:00","breadcrumb":{"@id":"https:\/\/thefox.pl\/fr\/pourquoi-investir-dans-limmobilier-en-pologne\/#breadcrumb"},"inLanguage":"fr-FR","potentialAction":[{"@type":"ReadAction","target":["https:\/\/thefox.pl\/fr\/pourquoi-investir-dans-limmobilier-en-pologne\/"]}]},{"@type":"BreadcrumbList","@id":"https:\/\/thefox.pl\/fr\/pourquoi-investir-dans-limmobilier-en-pologne\/#breadcrumb","itemListElement":[{"@type":"ListItem","position":1,"name":"Home","item":"https:\/\/thefox.pl\/fr\/"},{"@type":"ListItem","position":2,"name":"Pourquoi investir dans l&rsquo;immobilier en Pologne?"}]},{"@type":"WebSite","@id":"http:\/\/thefox.pl\/#website","url":"http:\/\/thefox.pl\/","name":"Fox Property Investment Group","description":"Invest in real estate Poland","publisher":{"@id":"http:\/\/thefox.pl\/#organization"},"potentialAction":[{"@type":"SearchAction","target":{"@type":"EntryPoint","urlTemplate":"http:\/\/thefox.pl\/?s={search_term_string}"},"query-input":"required name=search_term_string"}],"inLanguage":"fr-FR"},{"@type":"Organization","@id":"http:\/\/thefox.pl\/#organization","name":"Fox Property Investment Group","url":"http:\/\/thefox.pl\/","logo":{"@type":"ImageObject","inLanguage":"fr-FR","@id":"http:\/\/thefox.pl\/#\/schema\/logo\/image\/","url":"","contentUrl":"","caption":"Fox Property Investment Group"},"image":{"@id":"http:\/\/thefox.pl\/#\/schema\/logo\/image\/"}}]}},"_links":{"self":[{"href":"https:\/\/thefox.pl\/fr\/wp-json\/wp\/v2\/pages\/23415"}],"collection":[{"href":"https:\/\/thefox.pl\/fr\/wp-json\/wp\/v2\/pages"}],"about":[{"href":"https:\/\/thefox.pl\/fr\/wp-json\/wp\/v2\/types\/page"}],"author":[{"embeddable":true,"href":"https:\/\/thefox.pl\/fr\/wp-json\/wp\/v2\/users\/1"}],"replies":[{"embeddable":true,"href":"https:\/\/thefox.pl\/fr\/wp-json\/wp\/v2\/comments?post=23415"}],"version-history":[{"count":2,"href":"https:\/\/thefox.pl\/fr\/wp-json\/wp\/v2\/pages\/23415\/revisions"}],"predecessor-version":[{"id":23417,"href":"https:\/\/thefox.pl\/fr\/wp-json\/wp\/v2\/pages\/23415\/revisions\/23417"}],"wp:attachment":[{"href":"https:\/\/thefox.pl\/fr\/wp-json\/wp\/v2\/media?parent=23415"}],"curies":[{"name":"wp","href":"https:\/\/api.w.org\/{rel}","templated":true}]}}